{"id":519,"date":"2021-03-29T06:30:29","date_gmt":"2021-03-29T06:30:29","guid":{"rendered":"http:\/\/matej.info\/matejmatika\/?page_id=519"},"modified":"2021-04-16T05:34:51","modified_gmt":"2021-04-16T05:34:51","slug":"izdelava-prispevka","status":"publish","type":"page","link":"http:\/\/matej.info\/matejmatika\/izdelava-prispevka\/","title":{"rendered":"izdelava prispevka"},"content":{"rendered":"\n<section class=\"wp-block-themeisle-blocks-advanced-columns alignfull has-1-columns has-desktop-equal-layout has-tablet-equal-layout has-mobile-equal-layout has-nogap-gap has-vertical-flex-start\" id=\"wp-block-themeisle-blocks-advanced-columns-cf464273\"><div class=\"wp-block-themeisle-blocks-advanced-columns-overlay\"><\/div><div class=\"innerblocks-wrap\">\n<div class=\"wp-block-themeisle-blocks-advanced-column\" id=\"wp-block-themeisle-blocks-advanced-column-091be23e\">\n<section class=\"wp-block-themeisle-blocks-advanced-columns alignfull has-1-columns has-desktop-equal-layout has-tablet-equal-layout has-mobile-equal-layout has-nogap-gap has-vertical-center\" id=\"wp-block-themeisle-blocks-advanced-columns-7fed9644\"><div class=\"wp-block-themeisle-blocks-advanced-columns-overlay\"><\/div><div class=\"innerblocks-wrap\">\n<div class=\"wp-block-themeisle-blocks-advanced-column\" id=\"wp-block-themeisle-blocks-advanced-column-77b97cc2\">\n<h1 class=\"has-text-align-center has-text-color has-large-font-size wp-block-heading\" style=\"color:#e4235a\" data-block-type=\"core\">Na\u010drtno po korakih   <\/h1>\n\n\n\n<p class=\"has-text-align-center has-white-color has-text-color\" data-block-type=\"core\">Oblikovanje prispevka na strani je proces, v katerem se posku\u0161a s kreativnim pristopom oblikovati naloga, ki bo pokrila  ve\u010d u\u010dnih ciljev dolo\u010denega vsebinskega sklopa na nivoju, ki ni elementarni. <\/p>\n<\/div>\n<\/div><\/section>\n\n\n\n<section class=\"wp-block-themeisle-blocks-advanced-columns has-3-columns has-desktop-equal-layout has-tablet-equal-layout has-mobile-collapsedRows-layout has-wide-gap has-vertical-flex-start\" id=\"wp-block-themeisle-blocks-advanced-columns-56147622\"><div class=\"wp-block-themeisle-blocks-advanced-columns-overlay\"><\/div><div class=\"innerblocks-wrap\">\n<div class=\"wp-block-themeisle-blocks-advanced-column\" id=\"wp-block-themeisle-blocks-advanced-column-0b42273e\">\n<h3 class=\"has-text-align-center wp-block-heading\" data-block-type=\"core\">Korak 1<\/h3>\n\n\n\n<p class=\"has-text-align-center\" data-block-type=\"core\">Vsak prispevek je <strong>avtorsko oblikovana  strukturirana naloga<\/strong>, v kateri se prepletajo razli\u010dni u\u010dni cilji istega vsebinskega sklopa ali v povezavi z ostalimi vsebinskimi sklopi<\/p>\n<\/div>\n\n\n\n<div class=\"wp-block-themeisle-blocks-advanced-column\" id=\"wp-block-themeisle-blocks-advanced-column-e42c650c\">\n<h3 class=\"has-text-align-center wp-block-heading\" data-block-type=\"core\">Korak 2<\/h3>\n\n\n\n<p class=\"has-text-align-center\" data-block-type=\"core\">Vsak prispevek ima tri razdelke: <strong>naloga<\/strong> (natan\u010dno zapisana navodila naloge), <strong>namig<\/strong> (pri vsakem vpra\u0161anju se doda sugestija) in <strong>re\u0161itev<\/strong> (napi\u0161ejo se le kon\u010dni rezultati).<\/p>\n<\/div>\n\n\n\n<div class=\"wp-block-themeisle-blocks-advanced-column\" id=\"wp-block-themeisle-blocks-advanced-column-f4c0a489\">\n<h3 class=\"has-text-align-center wp-block-heading\" data-block-type=\"core\">Korak 3<\/h3>\n\n\n\n<p class=\"has-text-align-center\" data-block-type=\"core\">Vsaka naloga se uvrsti v ustrezno <strong>kategorijo<\/strong>, dodeli se ji ena ali ve\u010d <strong>oznak<\/strong>, da jo se je najde tudi pri navskri\u017enem iskanju po bazi, na za\u010detku se jo shrani kot osnutek. <\/p>\n<\/div>\n<\/div><\/section>\n\n\n\n<section class=\"wp-block-themeisle-blocks-advanced-columns alignfull has-1-columns has-desktop-equal-layout has-tablet-equal-layout has-mobile-equal-layout has-nogap-gap has-vertical-center\" id=\"wp-block-themeisle-blocks-advanced-columns-ff7b6b73\"><div class=\"wp-block-themeisle-blocks-advanced-columns-overlay\"><\/div><div class=\"innerblocks-wrap\">\n<div class=\"wp-block-themeisle-blocks-advanced-column\" id=\"wp-block-themeisle-blocks-advanced-column-790bf91e\">\n<h1 class=\"has-text-align-center has-text-color has-large-font-size wp-block-heading\" style=\"color:#e4235a\" data-block-type=\"core\">Po ustaljenih navodilih  <\/h1>\n\n\n\n<p class=\"has-text-align-center has-white-color has-text-color\" data-block-type=\"core\">Prispevek nastane tudi s svetovanjem z drugimi, kar pove\u010duje socialno interakcijo, zato se izbolj\u0161uje kvaliteta vsebine.<\/p>\n\n\n\n<div class=\"wp-block-buttons is-content-justification-center is-layout-flex wp-block-buttons-is-layout-flex\" data-block-type=\"core\"><\/div>\n<\/div>\n<\/div><\/section>\n\n\n\n<section class=\"wp-block-themeisle-blocks-advanced-columns has-3-columns has-desktop-equal-layout has-tablet-equal-layout has-mobile-collapsedRows-layout has-wide-gap has-vertical-flex-start\" id=\"wp-block-themeisle-blocks-advanced-columns-683da29a\"><div class=\"wp-block-themeisle-blocks-advanced-columns-overlay\"><\/div><div class=\"innerblocks-wrap\">\n<div class=\"wp-block-themeisle-blocks-advanced-column\" id=\"wp-block-themeisle-blocks-advanced-column-a81de827\">\n<h3 class=\"has-text-align-center wp-block-heading\" data-block-type=\"core\"> Oblikovanje: navodilo 1<\/h3>\n\n\n\n<p class=\"has-text-align-center\" data-block-type=\"core\">Matemati\u010dni tekst se vna\u0161a z <strong>latex<\/strong> ukazi.  Sintaksa: <em>$ukaz$<\/em> za uvrsti\u010deno obliko oziroma <em>$$ukaz$$<\/em> za usredi\u0161\u010deno obliko. <\/p>\n<\/div>\n\n\n\n<div class=\"wp-block-themeisle-blocks-advanced-column\" id=\"wp-block-themeisle-blocks-advanced-column-787fa0e1\">\n<h3 class=\"has-text-align-center wp-block-heading\" data-block-type=\"core\">Oblikovanje: Navodilo 2<\/h3>\n\n\n\n<p class=\"has-text-align-center\" data-block-type=\"core\">Slike se vna\u0161ajo s kodami programskih paketov <strong>TikZ<\/strong>, ki jih vsak generira sam, lahko si pri tem pomaga tudi z generatorji kode.  <\/p>\n<\/div>\n\n\n\n<div class=\"wp-block-themeisle-blocks-advanced-column\" id=\"wp-block-themeisle-blocks-advanced-column-54f4b40e\">\n<h3 class=\"has-text-align-center wp-block-heading\" data-block-type=\"core\">Oblikovanje: Navodilo 3<\/h3>\n\n\n\n<p class=\"has-text-align-center\" data-block-type=\"core\">Kon\u010dno obliko potrdi in objavi mentor, pred tem  se naredi lektoriranje in pregled naloge s strani vsaj dveh ostalih udele\u017eencev. <\/p>\n<\/div>\n<\/div><\/section>\n<\/div>\n<\/div><\/section>\n\n\n\n<p data-block-type=\"core\"><\/p>\n","protected":false},"excerpt":{"rendered":"","protected":false},"author":1,"featured_media":0,"parent":0,"menu_order":0,"comment_status":"closed","ping_status":"closed","template":"template-page-builder.php","meta":{"footnotes":""},"class_list":["post-519","page","type-page","status-publish","hentry","grid-sizer"],"featured_image_urls_v2":{"full":"","thumbnail":"","medium":"","medium_large":"","large":"","post-slider-thumb-size":"","post-category-slider-size":"","1536x1536":"","2048x2048":"","blossom-coach-schema":"","blossom-coach-slider":"","blossom-coach-fullwidth":"","blossom-coach-with-sidebar":"","blossom-coach-latest":""},"post_excerpt_stackable_v2":"<p>Na\u010drtno po korakih Oblikovanje prispevka na strani je proces, v katerem se posku\u0161a s kreativnim pristopom oblikovati naloga, ki bo pokrila ve\u010d u\u010dnih ciljev dolo\u010denega vsebinskega sklopa na nivoju, ki ni elementarni. Korak 1 Vsak prispevek je avtorsko oblikovana strukturirana naloga, v kateri se prepletajo razli\u010dni u\u010dni cilji istega vsebinskega sklopa ali v povezavi z ostalimi vsebinskimi sklopi Korak 2 Vsak prispevek ima tri razdelke: naloga (natan\u010dno zapisana navodila naloge), namig (pri vsakem vpra\u0161anju se doda sugestija) in re\u0161itev (napi\u0161ejo se le kon\u010dni rezultati). Korak 3 Vsaka naloga se uvrsti v ustrezno kategorijo, dodeli se ji ena ali ve\u010d oznak,&hellip;<\/p>\n","category_list_v2":"","author_info_v2":{"name":"profM","url":"http:\/\/matej.info\/matejmatika\/author\/profm\/"},"comments_num_v2":"0 comments","_links":{"self":[{"href":"http:\/\/matej.info\/matejmatika\/wp-json\/wp\/v2\/pages\/519","targetHints":{"allow":["GET"]}}],"collection":[{"href":"http:\/\/matej.info\/matejmatika\/wp-json\/wp\/v2\/pages"}],"about":[{"href":"http:\/\/matej.info\/matejmatika\/wp-json\/wp\/v2\/types\/page"}],"author":[{"embeddable":true,"href":"http:\/\/matej.info\/matejmatika\/wp-json\/wp\/v2\/users\/1"}],"replies":[{"embeddable":true,"href":"http:\/\/matej.info\/matejmatika\/wp-json\/wp\/v2\/comments?post=519"}],"version-history":[{"count":11,"href":"http:\/\/matej.info\/matejmatika\/wp-json\/wp\/v2\/pages\/519\/revisions"}],"predecessor-version":[{"id":1377,"href":"http:\/\/matej.info\/matejmatika\/wp-json\/wp\/v2\/pages\/519\/revisions\/1377"}],"wp:attachment":[{"href":"http:\/\/matej.info\/matejmatika\/wp-json\/wp\/v2\/media?parent=519"}],"curies":[{"name":"wp","href":"https:\/\/api.w.org\/{rel}","templated":true}]}}